{"id":6,"date":"2025-06-05T12:04:19","date_gmt":"2025-06-05T10:04:19","guid":{"rendered":"https:\/\/sarba.com.pl\/?page_id=6"},"modified":"2025-06-05T13:34:53","modified_gmt":"2025-06-05T11:34:53","slug":"elementor-6","status":"publish","type":"page","link":"https:\/\/sarba.com.pl\/","title":{"rendered":"Strona G\u0142\u00f3wna"},"content":{"rendered":"\t\t<div data-elementor-type=\"wp-post\" data-elementor-id=\"6\" class=\"elementor elementor-6\">\n\t\t\t\t<div class=\"elementor-element elementor-element-193cfdf e-grid e-con-boxed e-con e-parent\" data-id=\"193cfdf\" data-element_type=\"container\">\n\t\t\t\t\t<div class=\"e-con-inner\">\n\t\t\t\t<div class=\"elementor-element elementor-element-1ef361b elementor-widget-divider--view-line elementor-widget elementor-widget-divider\" data-id=\"1ef361b\" data-element_type=\"widget\" data-widget_type=\"divider.default\">\n\t\t\t\t<div class=\"elementor-widget-container\">\n\t\t\t\t\t\t\t<div class=\"elementor-divider\">\n\t\t\t<span class=\"elementor-divider-separator\">\n\t\t\t\t\t\t<\/span>\n\t\t<\/div>\n\t\t\t\t\t\t<\/div>\n\t\t\t\t<\/div>\n\t\t\t\t\t<\/div>\n\t\t\t\t<\/div>\n\t\t<div class=\"elementor-element elementor-element-f686fe5 e-grid e-con-boxed e-con e-parent\" data-id=\"f686fe5\" data-element_type=\"container\">\n\t\t\t\t\t<div class=\"e-con-inner\">\n\t\t\t\t<div class=\"elementor-element elementor-element-0c2f65a elementor-widget__width-inherit elementor-widget elementor-widget-text-editor\" data-id=\"0c2f65a\" data-element_type=\"widget\" data-widget_type=\"text-editor.default\">\n\t\t\t\t<div class=\"elementor-widget-container\">\n\t\t\t\t\t\t\t\t\t<h1 style=\"text-align: center;\"><strong>\u00a0<\/strong><\/h1><h1 style=\"text-align: center;\"><strong>Planujesz zakup nieruchomo\u015bci w Warszawie?<\/strong><\/h1><h1 class=\"fw-lighter section-heading text-primary my-auto\">\u00a0<\/h1>\t\t\t\t\t\t\t\t<\/div>\n\t\t\t\t<\/div>\n\t\t\t\t<div class=\"elementor-element elementor-element-05d4726 elementor-widget elementor-widget-text-editor\" data-id=\"05d4726\" data-element_type=\"widget\" data-widget_type=\"text-editor.default\">\n\t\t\t\t<div class=\"elementor-widget-container\">\n\t\t\t\t\t\t\t\t\t<p class=\"fw-lighter section-heading text-primary my-auto\"><span style=\"color: #ffcc00;\">Zr\u00f3bmy to razem!<\/span><\/p>\t\t\t\t\t\t\t\t<\/div>\n\t\t\t\t<\/div>\n\t\t\t\t\t<\/div>\n\t\t\t\t<\/div>\n\t\t<div class=\"elementor-element elementor-element-a8b077f e-flex e-con-boxed e-con e-parent\" data-id=\"a8b077f\" data-element_type=\"container\">\n\t\t\t\t\t<div class=\"e-con-inner\">\n\t\t<div class=\"elementor-element elementor-element-08061dd e-con-full e-flex e-con e-child\" data-id=\"08061dd\" data-element_type=\"container\">\n\t\t\t\t<div class=\"elementor-element elementor-element-acd72d2 elementor-widget elementor-widget-image\" data-id=\"acd72d2\" data-element_type=\"widget\" data-widget_type=\"image.default\">\n\t\t\t\t<div class=\"elementor-widget-container\">\n\t\t\t\t\t\t\t\t\t\t\t\t\t\t\t<img fetchpriority=\"high\" decoding=\"async\" width=\"480\" height=\"660\" src=\"https:\/\/sarba.com.pl\/wp-content\/uploads\/2025\/06\/portret1.png\" class=\"attachment-large size-large wp-image-13\" alt=\"\" srcset=\"https:\/\/sarba.com.pl\/wp-content\/uploads\/2025\/06\/portret1.png 480w, https:\/\/sarba.com.pl\/wp-content\/uploads\/2025\/06\/portret1-218x300.png 218w\" sizes=\"(max-width: 480px) 100vw, 480px\" \/>\t\t\t\t\t\t\t\t\t\t\t\t\t\t\t<\/div>\n\t\t\t\t<\/div>\n\t\t\t\t<\/div>\n\t\t<div class=\"elementor-element elementor-element-60d1038 e-con-full e-flex e-con e-child\" data-id=\"60d1038\" data-element_type=\"container\">\n\t\t\t\t<div class=\"elementor-element elementor-element-d782590 elementor-widget elementor-widget-text-editor\" data-id=\"d782590\" data-element_type=\"widget\" data-widget_type=\"text-editor.default\">\n\t\t\t\t<div class=\"elementor-widget-container\">\n\t\t\t\t\t\t\t\t\t<p>Cze\u015b\u0107!<\/p><p>Na wst\u0119pie chc\u0119 Ci powiedzie\u0107, \u017ce bardzo si\u0119 ciesz\u0119, \u017ce tutaj jeste\u015b!<\/p><p>Nazywam si\u0119 Marta Sarba i jestem Ekspertk\u0105 ds. Nieruchomo\u015bci w Warszawie. Jako Doradca Kupuj\u0105cych znam rynek jak w\u0142asn\u0105 kiesze\u0144. Pomagam moim Klientom na ka\u017cdym etapie &#8211; od zrozumienia Twoich potrzeb i oczekiwa\u0144, a\u017c po finalizacj\u0119 transakcji. Nie tylko znajd\u0119 dla Ciebie najlepsze oferty (cz\u0119sto off-market), ale tak\u017ce zadbam o to, aby cena by\u0142a jak najbardziej dla Ciebie korzystna. W ko\u0144cu cena wywo\u0142awcza to nie cena ostateczna! Skutecznie negocjuj\u0119, aby zaoszcz\u0119dzi\u0107 Twoje pieni\u0105dze. Zamiast si\u0119 gubi\u0107 w g\u0105szczu ofert, pozw\u00f3l, \u017ce zrobi\u0119 to za Ciebie na podstawie analizy rynku i Twoich potrzeb. Razem znajdziemy idealn\u0105 nieruchomo\u015b\u0107, kt\u00f3ra spe\u0142ni wszystkie Twoje oczekiwania.<\/p><p>Nie czekaj, skontaktuj si\u0119 ze mn\u0105, a sprawi\u0119, \u017ce zakup nieruchomo\u015bci stanie si\u0119 przyjemno\u015bci\u0105!<\/p>\t\t\t\t\t\t\t\t<\/div>\n\t\t\t\t<\/div>\n\t\t\t\t<div class=\"elementor-element elementor-element-536dbc1 elementor-align-center elementor-widget elementor-widget-button\" data-id=\"536dbc1\" data-element_type=\"widget\" data-widget_type=\"button.default\">\n\t\t\t\t<div class=\"elementor-widget-container\">\n\t\t\t\t\t\t\t\t\t<div class=\"elementor-button-wrapper\">\n\t\t\t\t\t<a class=\"elementor-button elementor-button-link elementor-size-sm\" href=\"#\">\n\t\t\t\t\t\t<span class=\"elementor-button-content-wrapper\">\n\t\t\t\t\t\t\t\t\t<span class=\"elementor-button-text\">Skontaktuj si\u0119<\/span>\n\t\t\t\t\t<\/span>\n\t\t\t\t\t<\/a>\n\t\t\t\t<\/div>\n\t\t\t\t\t\t\t\t<\/div>\n\t\t\t\t<\/div>\n\t\t\t\t<\/div>\n\t\t\t\t\t<\/div>\n\t\t\t\t<\/div>\n\t\t<div class=\"elementor-element elementor-element-10fc75a e-grid e-con-boxed e-con e-parent\" data-id=\"10fc75a\" data-element_type=\"container\">\n\t\t\t\t\t<div class=\"e-con-inner\">\n\t\t\t\t<div class=\"elementor-element elementor-element-e76ba4e elementor-widget elementor-widget-text-editor\" data-id=\"e76ba4e\" data-element_type=\"widget\" data-widget_type=\"text-editor.default\">\n\t\t\t\t<div class=\"elementor-widget-container\">\n\t\t\t\t\t\t\t\t\t<h1 class=\"text-uppercase section-heading text-center text-primary mb-5\">Co zyskujesz wsp\u00f3\u0142pracuj\u0105c ze mn\u0105?<\/h1>\t\t\t\t\t\t\t\t<\/div>\n\t\t\t\t<\/div>\n\t\t<div class=\"elementor-element elementor-element-fb1e707 e-grid e-con-full e-con e-child\" data-id=\"fb1e707\" data-element_type=\"container\">\n\t\t\t\t<div class=\"elementor-element elementor-element-d18057d elementor-widget elementor-widget-text-editor\" data-id=\"d18057d\" data-element_type=\"widget\" data-widget_type=\"text-editor.default\">\n\t\t\t\t<div class=\"elementor-widget-container\">\n\t\t\t\t\t\t\t\t\t<ul><li class=\"fs-2\">Dost\u0119p do mieszka\u0144 z rynku<br \/><strong>off-market<\/strong><\/li><li class=\"fs-2\"><strong>Ochrona\u00a0<\/strong>przed kosztownymi b\u0142\u0119dami<\/li><li class=\"fs-2\"><strong>Wsparcie prawne<\/strong>\u00a0na ka\u017cdym kroku<\/li><li class=\"fs-2\"><strong>\u015awiadomo\u015b\u0107 faktycznej warto\u015bci<\/strong>\u00a0nieruchomo\u015bci\u200d<\/li><\/ul>\t\t\t\t\t\t\t\t<\/div>\n\t\t\t\t<\/div>\n\t\t\t\t<div class=\"elementor-element elementor-element-4bbb223 elementor-widget elementor-widget-text-editor\" data-id=\"4bbb223\" data-element_type=\"widget\" data-widget_type=\"text-editor.default\">\n\t\t\t\t<div class=\"elementor-widget-container\">\n\t\t\t\t\t\t\t\t\t<ul class=\"custome-list\"><li class=\"fs-2\"><strong>Bezpiecze\u0144stwo<\/strong><\/li><li class=\"fs-2\">Profesjonalne\u00a0<strong>negocjacje na<br \/>Twoj\u0105 korzy\u015b\u0107!<\/strong><\/li><li class=\"fs-2\"><strong>Pomoc\u00a0<\/strong>w uzyskaniu kredytu<\/li><li class=\"fs-2\">Rozliczenie wsp\u00f3\u0142pracy po zrealizowanej transakcji<\/li><\/ul>\t\t\t\t\t\t\t\t<\/div>\n\t\t\t\t<\/div>\n\t\t\t\t<\/div>\n\t\t\t\t\t<\/div>\n\t\t\t\t<\/div>\n\t\t<div class=\"elementor-element elementor-element-a3537ee e-flex e-con-boxed e-con e-parent\" data-id=\"a3537ee\" data-element_type=\"container\">\n\t\t\t\t\t<div class=\"e-con-inner\">\n\t\t\t\t<div class=\"elementor-element elementor-element-c72c95a elementor-widget elementor-widget-heading\" data-id=\"c72c95a\" data-element_type=\"widget\" data-widget_type=\"heading.default\">\n\t\t\t\t<div class=\"elementor-widget-container\">\n\t\t\t\t\t<h1 class=\"elementor-heading-title elementor-size-default\">Opinie<\/h1>\t\t\t\t<\/div>\n\t\t\t\t<\/div>\n\t\t<div class=\"elementor-element elementor-element-9b67d5f e-grid e-con-full e-con e-child\" data-id=\"9b67d5f\" data-element_type=\"container\">\n\t\t\t\t<div class=\"elementor-element elementor-element-69c4307 elementor-widget elementor-widget-image\" data-id=\"69c4307\" data-element_type=\"widget\" data-widget_type=\"image.default\">\n\t\t\t\t<div class=\"elementor-widget-container\">\n\t\t\t\t\t\t\t\t\t\t\t\t\t\t\t<img decoding=\"async\" width=\"576\" height=\"1024\" src=\"https:\/\/sarba.com.pl\/wp-content\/uploads\/2025\/06\/rekomendacja_1-576x1024.png\" class=\"attachment-large size-large wp-image-46\" alt=\"\" srcset=\"https:\/\/sarba.com.pl\/wp-content\/uploads\/2025\/06\/rekomendacja_1-576x1024.png 576w, https:\/\/sarba.com.pl\/wp-content\/uploads\/2025\/06\/rekomendacja_1-169x300.png 169w, https:\/\/sarba.com.pl\/wp-content\/uploads\/2025\/06\/rekomendacja_1-768x1365.png 768w, https:\/\/sarba.com.pl\/wp-content\/uploads\/2025\/06\/rekomendacja_1-864x1536.png 864w, https:\/\/sarba.com.pl\/wp-content\/uploads\/2025\/06\/rekomendacja_1-1152x2048.png 1152w, https:\/\/sarba.com.pl\/wp-content\/uploads\/2025\/06\/rekomendacja_1-scaled.png 1440w\" sizes=\"(max-width: 576px) 100vw, 576px\" \/>\t\t\t\t\t\t\t\t\t\t\t\t\t\t\t<\/div>\n\t\t\t\t<\/div>\n\t\t\t\t<div class=\"elementor-element elementor-element-cad1ce7 elementor-widget elementor-widget-image\" data-id=\"cad1ce7\" data-element_type=\"widget\" data-widget_type=\"image.default\">\n\t\t\t\t<div class=\"elementor-widget-container\">\n\t\t\t\t\t\t\t\t\t\t\t\t\t\t\t<img decoding=\"async\" width=\"800\" height=\"437\" src=\"https:\/\/sarba.com.pl\/wp-content\/uploads\/2025\/06\/22D4F29D-EFDA-477C-930C-A38F27EE0C22.png\" class=\"attachment-large size-large wp-image-43\" alt=\"\" srcset=\"https:\/\/sarba.com.pl\/wp-content\/uploads\/2025\/06\/22D4F29D-EFDA-477C-930C-A38F27EE0C22.png 854w, https:\/\/sarba.com.pl\/wp-content\/uploads\/2025\/06\/22D4F29D-EFDA-477C-930C-A38F27EE0C22-300x164.png 300w, https:\/\/sarba.com.pl\/wp-content\/uploads\/2025\/06\/22D4F29D-EFDA-477C-930C-A38F27EE0C22-768x419.png 768w\" sizes=\"(max-width: 800px) 100vw, 800px\" \/>\t\t\t\t\t\t\t\t\t\t\t\t\t\t\t<\/div>\n\t\t\t\t<\/div>\n\t\t\t\t<div class=\"elementor-element elementor-element-9cb9376 elementor-widget elementor-widget-image\" data-id=\"9cb9376\" data-element_type=\"widget\" data-widget_type=\"image.default\">\n\t\t\t\t<div class=\"elementor-widget-container\">\n\t\t\t\t\t\t\t\t\t\t\t\t\t\t\t<img loading=\"lazy\" decoding=\"async\" width=\"576\" height=\"1024\" src=\"https:\/\/sarba.com.pl\/wp-content\/uploads\/2025\/06\/IMG_6763-3-576x1024.jpg\" class=\"attachment-large size-large wp-image-45\" alt=\"\" srcset=\"https:\/\/sarba.com.pl\/wp-content\/uploads\/2025\/06\/IMG_6763-3-576x1024.jpg 576w, https:\/\/sarba.com.pl\/wp-content\/uploads\/2025\/06\/IMG_6763-3-169x300.jpg 169w, https:\/\/sarba.com.pl\/wp-content\/uploads\/2025\/06\/IMG_6763-3-768x1365.jpg 768w, https:\/\/sarba.com.pl\/wp-content\/uploads\/2025\/06\/IMG_6763-3-864x1536.jpg 864w, https:\/\/sarba.com.pl\/wp-content\/uploads\/2025\/06\/IMG_6763-3-1152x2048.jpg 1152w, https:\/\/sarba.com.pl\/wp-content\/uploads\/2025\/06\/IMG_6763-3-scaled.jpg 1440w\" sizes=\"(max-width: 576px) 100vw, 576px\" \/>\t\t\t\t\t\t\t\t\t\t\t\t\t\t\t<\/div>\n\t\t\t\t<\/div>\n\t\t\t\t<div class=\"elementor-element elementor-element-80b3c3e elementor-widget elementor-widget-text-editor\" data-id=\"80b3c3e\" data-element_type=\"widget\" data-widget_type=\"text-editor.default\">\n\t\t\t\t<div class=\"elementor-widget-container\">\n\t\t\t\t\t\t\t\t\t<p class=\"card-text\">Marta jest pe\u0142n\u0105 pasji, otwart\u0105 i niezwyk\u0142e ciep\u0142\u0105 osob\u0105. Dla niej najwa\u017cniejszy jest cz\u0142owiek i prawdziwa relacja. Uwa\u017canie ws\u0142uchuje si\u0119 w potrzeby klienta, dzi\u0119ki czemu jest w stanie realnie i uczciwie oceni\u0107 mo\u017cliwo\u015bci. Profesjonalizm Marty, niesamowita intuicja i zaanga\u017cowanie doprowadzi\u0142y do rezultatu, kt\u00f3ry przekroczy\u0142 moje naj\u015bmielsze oczekiwania. Polecam z ca\u0142ego serca \ud83d\ude42<\/p><p>Beata Krajewska<\/p>\t\t\t\t\t\t\t\t<\/div>\n\t\t\t\t<\/div>\n\t\t\t\t<div class=\"elementor-element elementor-element-025fd01 elementor-widget elementor-widget-image\" data-id=\"025fd01\" data-element_type=\"widget\" data-widget_type=\"image.default\">\n\t\t\t\t<div class=\"elementor-widget-container\">\n\t\t\t\t\t\t\t\t\t\t\t\t\t\t\t<img loading=\"lazy\" decoding=\"async\" width=\"800\" height=\"317\" src=\"https:\/\/sarba.com.pl\/wp-content\/uploads\/2025\/06\/3D1DF31F-96B8-4C5C-AB5F-A377D04CD17D.png\" class=\"attachment-large size-large wp-image-42\" alt=\"\" srcset=\"https:\/\/sarba.com.pl\/wp-content\/uploads\/2025\/06\/3D1DF31F-96B8-4C5C-AB5F-A377D04CD17D.png 835w, https:\/\/sarba.com.pl\/wp-content\/uploads\/2025\/06\/3D1DF31F-96B8-4C5C-AB5F-A377D04CD17D-300x119.png 300w, https:\/\/sarba.com.pl\/wp-content\/uploads\/2025\/06\/3D1DF31F-96B8-4C5C-AB5F-A377D04CD17D-768x304.png 768w\" sizes=\"(max-width: 800px) 100vw, 800px\" \/>\t\t\t\t\t\t\t\t\t\t\t\t\t\t\t<\/div>\n\t\t\t\t<\/div>\n\t\t\t\t<div class=\"elementor-element elementor-element-422d7c5 elementor-widget elementor-widget-image\" data-id=\"422d7c5\" data-element_type=\"widget\" data-widget_type=\"image.default\">\n\t\t\t\t<div class=\"elementor-widget-container\">\n\t\t\t\t\t\t\t\t\t\t\t\t\t\t\t<img loading=\"lazy\" decoding=\"async\" width=\"576\" height=\"1024\" src=\"https:\/\/sarba.com.pl\/wp-content\/uploads\/2025\/06\/rekomendacja_2-576x1024.png\" class=\"attachment-large size-large wp-image-41\" alt=\"\" srcset=\"https:\/\/sarba.com.pl\/wp-content\/uploads\/2025\/06\/rekomendacja_2-576x1024.png 576w, https:\/\/sarba.com.pl\/wp-content\/uploads\/2025\/06\/rekomendacja_2-169x300.png 169w, https:\/\/sarba.com.pl\/wp-content\/uploads\/2025\/06\/rekomendacja_2-768x1365.png 768w, https:\/\/sarba.com.pl\/wp-content\/uploads\/2025\/06\/rekomendacja_2-864x1536.png 864w, https:\/\/sarba.com.pl\/wp-content\/uploads\/2025\/06\/rekomendacja_2-scaled.png 1440w\" sizes=\"(max-width: 576px) 100vw, 576px\" \/>\t\t\t\t\t\t\t\t\t\t\t\t\t\t\t<\/div>\n\t\t\t\t<\/div>\n\t\t\t\t<div class=\"elementor-element elementor-element-4c13b12 elementor-widget elementor-widget-image\" data-id=\"4c13b12\" data-element_type=\"widget\" data-widget_type=\"image.default\">\n\t\t\t\t<div class=\"elementor-widget-container\">\n\t\t\t\t\t\t\t\t\t\t\t\t\t\t\t<img loading=\"lazy\" decoding=\"async\" width=\"800\" height=\"392\" src=\"https:\/\/sarba.com.pl\/wp-content\/uploads\/2025\/06\/map-image-1024x502.png\" class=\"attachment-large size-large wp-image-12\" alt=\"\" srcset=\"https:\/\/sarba.com.pl\/wp-content\/uploads\/2025\/06\/map-image-1024x502.png 1024w, https:\/\/sarba.com.pl\/wp-content\/uploads\/2025\/06\/map-image-300x147.png 300w, https:\/\/sarba.com.pl\/wp-content\/uploads\/2025\/06\/map-image-768x376.png 768w, https:\/\/sarba.com.pl\/wp-content\/uploads\/2025\/06\/map-image.png 1469w\" sizes=\"(max-width: 800px) 100vw, 800px\" \/>\t\t\t\t\t\t\t\t\t\t\t\t\t\t\t<\/div>\n\t\t\t\t<\/div>\n\t\t\t\t<div class=\"elementor-element elementor-element-3d77288 elementor-widget elementor-widget-image\" data-id=\"3d77288\" data-element_type=\"widget\" data-widget_type=\"image.default\">\n\t\t\t\t<div class=\"elementor-widget-container\">\n\t\t\t\t\t\t\t\t\t\t\t\t\t\t\t<img loading=\"lazy\" decoding=\"async\" width=\"800\" height=\"709\" src=\"https:\/\/sarba.com.pl\/wp-content\/uploads\/2025\/06\/755F016F-D73F-4FD5-95FD-35317987EE3D-1024x908.png\" class=\"attachment-large size-large wp-image-44\" alt=\"\" srcset=\"https:\/\/sarba.com.pl\/wp-content\/uploads\/2025\/06\/755F016F-D73F-4FD5-95FD-35317987EE3D-1024x908.png 1024w, https:\/\/sarba.com.pl\/wp-content\/uploads\/2025\/06\/755F016F-D73F-4FD5-95FD-35317987EE3D-300x266.png 300w, https:\/\/sarba.com.pl\/wp-content\/uploads\/2025\/06\/755F016F-D73F-4FD5-95FD-35317987EE3D-768x681.png 768w, https:\/\/sarba.com.pl\/wp-content\/uploads\/2025\/06\/755F016F-D73F-4FD5-95FD-35317987EE3D-1536x1362.png 1536w, https:\/\/sarba.com.pl\/wp-content\/uploads\/2025\/06\/755F016F-D73F-4FD5-95FD-35317987EE3D-2048x1816.png 2048w\" sizes=\"(max-width: 800px) 100vw, 800px\" \/>\t\t\t\t\t\t\t\t\t\t\t\t\t\t\t<\/div>\n\t\t\t\t<\/div>\n\t\t\t\t<\/div>\n\t\t\t\t\t<\/div>\n\t\t\t\t<\/div>\n\t\t<div class=\"elementor-element elementor-element-d2777b7 e-grid e-con-boxed e-con e-parent\" data-id=\"d2777b7\" data-element_type=\"container\">\n\t\t\t\t\t<div class=\"e-con-inner\">\n\t\t\t\t\t<\/div>\n\t\t\t\t<\/div>\n\t\t\t\t<\/div>\n\t\t","protected":false},"excerpt":{"rendered":"<p>\u00a0 Planujesz zakup nieruchomo\u015bci w Warszawie? \u00a0 Zr\u00f3bmy to razem! Cze\u015b\u0107! Na wst\u0119pie chc\u0119 Ci powiedzie\u0107, \u017ce bardzo si\u0119 ciesz\u0119, \u017ce tutaj jeste\u015b! Nazywam si\u0119 Marta Sarba i jestem Ekspertk\u0105 ds. Nieruchomo\u015bci w Warszawie. Jako Doradca Kupuj\u0105cych znam rynek jak w\u0142asn\u0105 kiesze\u0144. Pomagam moim Klientom na ka\u017cdym etapie &#8211; od zrozumienia Twoich potrzeb i oczekiwa\u0144, [&hellip;]<\/p>\n","protected":false},"author":1,"featured_media":0,"parent":0,"menu_order":0,"comment_status":"closed","ping_status":"closed","template":"","meta":{"footnotes":""},"class_list":["post-6","page","type-page","status-publish","hentry"],"_links":{"self":[{"href":"https:\/\/sarba.com.pl\/index.php?rest_route=\/wp\/v2\/pages\/6","targetHints":{"allow":["GET"]}}],"collection":[{"href":"https:\/\/sarba.com.pl\/index.php?rest_route=\/wp\/v2\/pages"}],"about":[{"href":"https:\/\/sarba.com.pl\/index.php?rest_route=\/wp\/v2\/types\/page"}],"author":[{"embeddable":true,"href":"https:\/\/sarba.com.pl\/index.php?rest_route=\/wp\/v2\/users\/1"}],"replies":[{"embeddable":true,"href":"https:\/\/sarba.com.pl\/index.php?rest_route=%2Fwp%2Fv2%2Fcomments&post=6"}],"version-history":[{"count":19,"href":"https:\/\/sarba.com.pl\/index.php?rest_route=\/wp\/v2\/pages\/6\/revisions"}],"predecessor-version":[{"id":49,"href":"https:\/\/sarba.com.pl\/index.php?rest_route=\/wp\/v2\/pages\/6\/revisions\/49"}],"wp:attachment":[{"href":"https:\/\/sarba.com.pl\/index.php?rest_route=%2Fwp%2Fv2%2Fmedia&parent=6"}],"curies":[{"name":"wp","href":"https:\/\/api.w.org\/{rel}","templated":true}]}}